{"id":10,"date":"2025-01-15T20:28:26","date_gmt":"2025-01-15T20:28:26","guid":{"rendered":"https:\/\/trendsolutions.ch\/?page_id=10"},"modified":"2025-01-16T06:15:42","modified_gmt":"2025-01-16T06:15:42","slug":"10-2","status":"publish","type":"page","link":"https:\/\/trendsolutions.ch\/","title":{"rendered":""},"content":{"rendered":"\n<div class=\"wp-block-cover alignfull has-custom-content-position is-position-bottom-center\" style=\"margin-top:0;margin-bottom:0;padding-top:var(--wp--preset--spacing--50);padding-right:var(--wp--preset--spacing--50);padding-bottom:var(--wp--preset--spacing--50);padding-left:var(--wp--preset--spacing--50);min-height:840px;aspect-ratio:unset;\"><span aria-hidden=\"true\" class=\"wp-block-cover__background has-background-dim-10 has-background-dim\"><\/span><img loading=\"lazy\" decoding=\"async\" width=\"2560\" height=\"2088\" class=\"wp-block-cover__image-background wp-image-15\" alt=\"\" src=\"https:\/\/trendsolutions.ch\/wp-content\/uploads\/2025\/01\/AdobeStock_440793568-scaled.jpeg\" data-object-fit=\"cover\" srcset=\"https:\/\/trendsolutions.ch\/wp-content\/uploads\/2025\/01\/AdobeStock_440793568-scaled.jpeg 2560w, https:\/\/trendsolutions.ch\/wp-content\/uploads\/2025\/01\/AdobeStock_440793568-300x245.jpeg 300w, https:\/\/trendsolutions.ch\/wp-content\/uploads\/2025\/01\/AdobeStock_440793568-1024x835.jpeg 1024w, https:\/\/trendsolutions.ch\/wp-content\/uploads\/2025\/01\/AdobeStock_440793568-768x626.jpeg 768w, https:\/\/trendsolutions.ch\/wp-content\/uploads\/2025\/01\/AdobeStock_440793568-1536x1253.jpeg 1536w, https:\/\/trendsolutions.ch\/wp-content\/uploads\/2025\/01\/AdobeStock_440793568-2048x1671.jpeg 2048w\" sizes=\"auto, (max-width: 2560px) 100vw, 2560px\" \/><div class=\"wp-block-cover__inner-container has-global-padding is-layout-constrained wp-container-core-cover-is-layout-d89aad35 wp-block-cover-is-layout-constrained\">\n<div class=\"wp-block-group alignwide has-global-padding is-content-justification-left is-layout-constrained wp-container-core-group-is-layout-12dd3699 wp-block-group-is-layout-constrained\">\n<h2 class=\"wp-block-heading has-text-align-left has-xx-large-font-size\"><strong>M\u00f6bel und Dekoration sind nicht nur Dinge, sie sind Ausdruck von Pers\u00f6nlichkeit und Lebensstil.<\/strong><\/h2>\n\n\n\n<p>M\u00f6bel und Dekoration schaffen Atmosph\u00e4re, unterstreichen deinen Stil und machen aus R\u00e4umen ein Zuhause. Unsere Leidenschaft ist es, dir dabei zu helfen, Visionen in Realit\u00e4t zu verwandeln und R\u00e4ume zu gestalten, die begeistern.<\/p>\n<\/div>\n<\/div><\/div>\n\n\n\n<div class=\"wp-block-group alignfull is-style-section-5 has-global-padding is-layout-constrained wp-block-group-is-layout-constrained is-style-section-5--1\" style=\"margin-top:0;margin-bottom:0;padding-top:var(--wp--preset--spacing--50);padding-bottom:var(--wp--preset--spacing--50)\">\n<div class=\"wp-block-columns alignwide is-layout-flex wp-container-core-columns-is-layout-7ee84d44 wp-block-columns-is-layout-flex\">\n<div class=\"wp-block-column is-vertically-aligned-center is-layout-flow wp-block-column-is-layout-flow\" style=\"flex-basis:50%\">\n<h2 class=\"wp-block-heading\"><strong>Trend Solutions \u2013 Let\u2019s Make Your Vision Come True<\/strong><\/h2>\n\n\n\n<p class=\"has-medium-font-size\">Wir arbeiten mit ausgew\u00e4hlten Partnern wie&nbsp;<strong>Richmond Interiors<\/strong>,&nbsp;<strong>Vical Home<\/strong>,&nbsp;<strong>Light and Living<\/strong>&nbsp;und anderen renommierten Marken. Unser Ziel ist es, M\u00f6bel und Dekorationen zu finden, die nicht nur zu deinem Raum, sondern auch zu deinem Lebensstil passen. Gemeinsam erschaffen wir R\u00e4ume, die inspirieren und beeindrucken.<\/p>\n\n\n\n<p><\/p>\n<\/div>\n\n\n\n<div class=\"wp-block-column is-vertically-aligned-center is-layout-flow wp-block-column-is-layout-flow\" style=\"flex-basis:50%\">\n<figure class=\"wp-block-image size-full\"><img loading=\"lazy\" decoding=\"async\" width=\"2560\" height=\"1707\" src=\"https:\/\/trendsolutions.ch\/wp-content\/uploads\/2025\/01\/AdobeStock_247180439-scaled.jpeg\" alt=\"\" class=\"wp-image-16\" style=\"aspect-ratio:1;object-fit:cover\" srcset=\"https:\/\/trendsolutions.ch\/wp-content\/uploads\/2025\/01\/AdobeStock_247180439-scaled.jpeg 2560w, https:\/\/trendsolutions.ch\/wp-content\/uploads\/2025\/01\/AdobeStock_247180439-300x200.jpeg 300w, https:\/\/trendsolutions.ch\/wp-content\/uploads\/2025\/01\/AdobeStock_247180439-1024x683.jpeg 1024w, https:\/\/trendsolutions.ch\/wp-content\/uploads\/2025\/01\/AdobeStock_247180439-768x512.jpeg 768w, https:\/\/trendsolutions.ch\/wp-content\/uploads\/2025\/01\/AdobeStock_247180439-1536x1024.jpeg 1536w, https:\/\/trendsolutions.ch\/wp-content\/uploads\/2025\/01\/AdobeStock_247180439-2048x1365.jpeg 2048w\" sizes=\"auto, (max-width: 2560px) 100vw, 2560px\" \/><\/figure>\n<\/div>\n<\/div>\n<\/div>\n\n\n\n<div class=\"wp-block-group alignfull has-global-padding is-layout-constrained wp-block-group-is-layout-constrained\" style=\"margin-top:0;margin-bottom:0\">\n<div class=\"wp-block-group alignwide is-layout-grid wp-container-core-group-is-layout-5fdb10e5 wp-block-group-is-layout-grid\" style=\"padding-top:var(--wp--preset--spacing--50);padding-bottom:var(--wp--preset--spacing--50)\">\n<div class=\"wp-block-group is-vertical is-content-justification-stretch is-nowrap is-layout-flex wp-container-core-group-is-layout-627337ab wp-block-group-is-layout-flex\">\n<div class=\"wp-block-group is-vertical is-content-justification-left is-layout-flex wp-container-core-group-is-layout-dd225191 wp-block-group-is-layout-flex\">\n<p><\/p>\n\n\n\n<p class=\"is-style-text-subtitle is-style-text-subtitle--2\">Lassen Sie uns gemeinsam Ihre Vision verwirklichen. Wir freuen uns auf Ihre Anfrage und stehen Ihnen f\u00fcr Fragen und Inspiration zur Verf\u00fcgung.<br><\/p>\n\n\n\n<p>Trend Solutions GmbH: Habsburgerstrasse 19, 6003 Luzern.<\/p>\n\n\n\n<p>hallo(at)trendsolutions.ch<\/p>\n\n\n\n<p>041 511 00 71<\/p>\n<\/div>\n\n\n\n<figure class=\"wp-block-image size-full\"><img loading=\"lazy\" decoding=\"async\" width=\"2560\" height=\"1703\" src=\"https:\/\/trendsolutions.ch\/wp-content\/uploads\/2025\/01\/AdobeStock_78962170-scaled.jpeg\" alt=\"\" class=\"wp-image-18\" style=\"aspect-ratio:16\/9;object-fit:cover\" srcset=\"https:\/\/trendsolutions.ch\/wp-content\/uploads\/2025\/01\/AdobeStock_78962170-scaled.jpeg 2560w, https:\/\/trendsolutions.ch\/wp-content\/uploads\/2025\/01\/AdobeStock_78962170-300x200.jpeg 300w, https:\/\/trendsolutions.ch\/wp-content\/uploads\/2025\/01\/AdobeStock_78962170-1024x681.jpeg 1024w, https:\/\/trendsolutions.ch\/wp-content\/uploads\/2025\/01\/AdobeStock_78962170-768x511.jpeg 768w, https:\/\/trendsolutions.ch\/wp-content\/uploads\/2025\/01\/AdobeStock_78962170-1536x1022.jpeg 1536w, https:\/\/trendsolutions.ch\/wp-content\/uploads\/2025\/01\/AdobeStock_78962170-2048x1363.jpeg 2048w\" sizes=\"auto, (max-width: 2560px) 100vw, 2560px\" \/><\/figure>\n<\/div>\n\n\n\n<figure class=\"wp-block-image size-full\"><img loading=\"lazy\" decoding=\"async\" width=\"1920\" height=\"2560\" src=\"https:\/\/trendsolutions.ch\/wp-content\/uploads\/2025\/01\/AdobeStock_433015214-scaled.jpeg\" alt=\"\" class=\"wp-image-17\" style=\"aspect-ratio:3\/4;object-fit:cover\" srcset=\"https:\/\/trendsolutions.ch\/wp-content\/uploads\/2025\/01\/AdobeStock_433015214-scaled.jpeg 1920w, https:\/\/trendsolutions.ch\/wp-content\/uploads\/2025\/01\/AdobeStock_433015214-225x300.jpeg 225w, https:\/\/trendsolutions.ch\/wp-content\/uploads\/2025\/01\/AdobeStock_433015214-768x1024.jpeg 768w, https:\/\/trendsolutions.ch\/wp-content\/uploads\/2025\/01\/AdobeStock_433015214-1152x1536.jpeg 1152w, https:\/\/trendsolutions.ch\/wp-content\/uploads\/2025\/01\/AdobeStock_433015214-1536x2048.jpeg 1536w\" sizes=\"auto, (max-width: 1920px) 100vw, 1920px\" \/><\/figure>\n<\/div>\n<\/div>\n\n\n\n<div class=\"wp-block-group alignfull has-global-padding is-layout-constrained wp-container-core-group-is-layout-08655630 wp-block-group-is-layout-constrained\" style=\"margin-top:0;margin-bottom:0;padding-top:var(--wp--preset--spacing--80);padding-bottom:var(--wp--preset--spacing--80)\">\n<div class=\"wp-block-group alignwide is-layout-flow wp-block-group-is-layout-flow\">\n<p class=\"has-text-align-center is-style-text-display is-style-text-display--3\" style=\"font-style:normal;font-weight:400\">Fragen? <br>+41415110071<\/p>\n<\/div>\n<\/div>\n","protected":false},"excerpt":{"rendered":"<p>Trend Solutions \u2013 Let\u2019s Make Your Vision Come True Wir arbeiten mit ausgew\u00e4hlten Partnern wie&nbsp;Richmond Interiors,&nbsp;Vical Home,&nbsp;Light and Living&nbsp;und anderen renommierten Marken. Unser Ziel ist es, M\u00f6bel und Dekorationen zu finden, die nicht nur zu deinem Raum, sondern auch zu deinem Lebensstil passen. Gemeinsam erschaffen wir R\u00e4ume, die inspirieren und beeindrucken. Lassen Sie uns gemeinsam [&hellip;]<\/p>\n","protected":false},"author":1,"featured_media":0,"parent":0,"menu_order":0,"comment_status":"closed","ping_status":"closed","template":"","meta":{"footnotes":""},"class_list":["post-10","page","type-page","status-publish","hentry"],"_links":{"self":[{"href":"https:\/\/trendsolutions.ch\/index.php?rest_route=\/wp\/v2\/pages\/10","targetHints":{"allow":["GET"]}}],"collection":[{"href":"https:\/\/trendsolutions.ch\/index.php?rest_route=\/wp\/v2\/pages"}],"about":[{"href":"https:\/\/trendsolutions.ch\/index.php?rest_route=\/wp\/v2\/types\/page"}],"author":[{"embeddable":true,"href":"https:\/\/trendsolutions.ch\/index.php?rest_route=\/wp\/v2\/users\/1"}],"replies":[{"embeddable":true,"href":"https:\/\/trendsolutions.ch\/index.php?rest_route=%2Fwp%2Fv2%2Fcomments&post=10"}],"version-history":[{"count":7,"href":"https:\/\/trendsolutions.ch\/index.php?rest_route=\/wp\/v2\/pages\/10\/revisions"}],"predecessor-version":[{"id":34,"href":"https:\/\/trendsolutions.ch\/index.php?rest_route=\/wp\/v2\/pages\/10\/revisions\/34"}],"wp:attachment":[{"href":"https:\/\/trendsolutions.ch\/index.php?rest_route=%2Fwp%2Fv2%2Fmedia&parent=10"}],"curies":[{"name":"wp","href":"https:\/\/api.w.org\/{rel}","templated":true}]}}